{"id":4955,"date":"2021-08-26T15:03:37","date_gmt":"2021-10-02T11:54:18","guid":{"rendered":"https:\/\/oerumdesign.com\/shop\/large-leaf-ring\/"},"modified":"2021-10-02T11:54:18","modified_gmt":"2021-10-02T11:54:18","slug":"large-leaf-ring","status":"publish","type":"product","link":"https:\/\/oerumdesign.com\/nl\/shop\/large-leaf-ring\/","title":{"rendered":"Large Leaf Ring"},"content":{"rendered":"","protected":false},"excerpt":{"rendered":"<p>Wees \u00e9\u00e9n met de natuur met deze Large Leaf Ring. Een statement stuk ge\u00efnspireerd door een krullend blad en een testament om te leven in je element; vandaag, morgen en daarna.<\/p>\n<p>Zie ook; de <a href=\"https:\/\/oerumdesign.com\/shop\/small-leaf-ring\">Small Leaf Ring<\/a> en bijpassende <a href=\"https:\/\/oerumdesign.com\/shop\/leaf-ear-cuff\">Leaf Ear Cuf<\/a>.<\/p>\n<p>Als u hulp nodig heeft met de maat, lees dan meer over de ringmaat <a href=\"https:\/\/oerumdesign.com\/the-break-down\/how-to-ring-size\">hier<\/a> of bestel uw ringmaat <a href=\"https:\/\/oerumdesign.com\/shop\/ring-sizer\">hier<\/a>.<\/p>\n<p><!--more--><\/p>\n<h2>Specifications<\/h2>\n<p>&#8211; Recycled 18 karat solid gold (yellow or white)<\/p>\n<p>&#8211; Leaf height front: 17mm<\/p>\n<p>&#8211; Band height back: 7.8mm<\/p>\n<p><!--more--><\/p>\n<h2>Materials<\/h2>\n<p>Gold; we wouldn\u2019t put it in our name if we weren\u2019t serious about it. All of our pieces are made from recycled 18k solid gold that will last an eternity so you can love them forever.Unlike its plated or filled counterparts, solid gold won\u2019t rub off on your skin and doesn\u2019t change appearance over time. It\u2019s tough to withstand daily use, but like any precious metal, gold is prone to scratches over time \u2013 nothing a good polish can\u2019t fix though. If it gets dirty, you can also bring your piece back to its original shine by simply wiping it clean with a soft cloth.<\/p>\n","protected":false},"featured_media":4962,"template":"","meta":{"_acf_changed":false},"product_brand":[],"product_cat":[81],"product_tag":[],"class_list":{"0":"post-4955","1":"product","2":"type-product","3":"status-publish","4":"has-post-thumbnail","6":"product_cat-sample-sale-nl","8":"first","9":"instock","10":"sale","11":"taxable","12":"shipping-taxable","13":"purchasable","14":"product-type-variable","15":"has-default-attributes"},"acf":[],"yoast_head":"<!-- This site is optimized with the Yoast SEO plugin v27.3 - https:\/\/yoast.com\/product\/yoast-seo-wordpress\/ -->\n<title>Large Leaf Ring | Statement Ring | OERUM Fine Jewellery | 18k Gold<\/title>\n<meta name=\"description\" content=\"Wees \u00e9\u00e9n met de natuur met deze Large Leaf Ring. Een statement stuk ge\u00efnspireerd door een krullend blad. Leef in je element vandaag, morgen en daarna.\" \/>\n<meta name=\"robots\" content=\"index, follow, max-snippet:-1, max-image-preview:large, max-video-preview:-1\" \/>\n<link rel=\"canonical\" href=\"https:\/\/oerumdesign.com\/nl\/shop\/large-leaf-ring\/\" \/>\n<meta property=\"og:locale\" content=\"nl_NL\" \/>\n<meta property=\"og:type\" content=\"article\" \/>\n<meta property=\"og:title\" content=\"Large Leaf Ring | Statement Ring | OERUM Fine Jewellery | 18k Gold\" \/>\n<meta property=\"og:description\" content=\"Wees \u00e9\u00e9n met de natuur met deze Large Leaf Ring. Een statement stuk ge\u00efnspireerd door een krullend blad. Leef in je element vandaag, morgen en daarna.\" \/>\n<meta property=\"og:url\" content=\"https:\/\/oerumdesign.com\/nl\/shop\/large-leaf-ring\/\" \/>\n<meta property=\"og:site_name\" content=\"Oerum\" \/>\n<meta property=\"og:image\" content=\"https:\/\/oerumdesign.com\/wp-content\/uploads\/2021\/08\/00013-LARGE-LEAF-RING-side2.jpg\" \/>\n\t<meta property=\"og:image:width\" content=\"1500\" \/>\n\t<meta property=\"og:image:height\" content=\"1500\" \/>\n\t<meta property=\"og:image:type\" content=\"image\/jpeg\" \/>\n<meta name=\"twitter:card\" content=\"summary_large_image\" \/>\n<script type=\"application\/ld+json\" class=\"yoast-schema-graph\">{\"@context\":\"https:\\\/\\\/schema.org\",\"@graph\":[{\"@type\":\"WebPage\",\"@id\":\"https:\\\/\\\/oerumdesign.com\\\/nl\\\/shop\\\/large-leaf-ring\\\/\",\"url\":\"https:\\\/\\\/oerumdesign.com\\\/nl\\\/shop\\\/large-leaf-ring\\\/\",\"name\":\"Large Leaf Ring | Statement Ring | OERUM Fine Jewellery | 18k Gold\",\"isPartOf\":{\"@id\":\"https:\\\/\\\/oerumdesign.com\\\/nl\\\/#website\"},\"primaryImageOfPage\":{\"@id\":\"https:\\\/\\\/oerumdesign.com\\\/nl\\\/shop\\\/large-leaf-ring\\\/#primaryimage\"},\"image\":{\"@id\":\"https:\\\/\\\/oerumdesign.com\\\/nl\\\/shop\\\/large-leaf-ring\\\/#primaryimage\"},\"thumbnailUrl\":\"https:\\\/\\\/oerumdesign.com\\\/wp-content\\\/uploads\\\/2021\\\/08\\\/00013-LARGE-LEAF-RING-side2.jpg\",\"datePublished\":\"2021-10-02T11:54:18+00:00\",\"description\":\"Wees \u00e9\u00e9n met de natuur met deze Large Leaf Ring. Een statement stuk ge\u00efnspireerd door een krullend blad. Leef in je element vandaag, morgen en daarna.\",\"breadcrumb\":{\"@id\":\"https:\\\/\\\/oerumdesign.com\\\/nl\\\/shop\\\/large-leaf-ring\\\/#breadcrumb\"},\"inLanguage\":\"nl-NL\",\"potentialAction\":[{\"@type\":\"ReadAction\",\"target\":[\"https:\\\/\\\/oerumdesign.com\\\/nl\\\/shop\\\/large-leaf-ring\\\/\"]}]},{\"@type\":\"ImageObject\",\"inLanguage\":\"nl-NL\",\"@id\":\"https:\\\/\\\/oerumdesign.com\\\/nl\\\/shop\\\/large-leaf-ring\\\/#primaryimage\",\"url\":\"https:\\\/\\\/oerumdesign.com\\\/wp-content\\\/uploads\\\/2021\\\/08\\\/00013-LARGE-LEAF-RING-side2.jpg\",\"contentUrl\":\"https:\\\/\\\/oerumdesign.com\\\/wp-content\\\/uploads\\\/2021\\\/08\\\/00013-LARGE-LEAF-RING-side2.jpg\",\"width\":1500,\"height\":1500},{\"@type\":\"BreadcrumbList\",\"@id\":\"https:\\\/\\\/oerumdesign.com\\\/nl\\\/shop\\\/large-leaf-ring\\\/#breadcrumb\",\"itemListElement\":[{\"@type\":\"ListItem\",\"position\":1,\"name\":\"Home\",\"item\":\"https:\\\/\\\/oerumdesign.com\\\/nl\\\/\"},{\"@type\":\"ListItem\",\"position\":2,\"name\":\"Shop\",\"item\":\"https:\\\/\\\/oerumdesign.com\\\/nl\\\/shop\\\/\"},{\"@type\":\"ListItem\",\"position\":3,\"name\":\"Large Leaf Ring\"}]},{\"@type\":\"WebSite\",\"@id\":\"https:\\\/\\\/oerumdesign.com\\\/nl\\\/#website\",\"url\":\"https:\\\/\\\/oerumdesign.com\\\/nl\\\/\",\"name\":\"Oerum\",\"description\":\"\",\"potentialAction\":[{\"@type\":\"SearchAction\",\"target\":{\"@type\":\"EntryPoint\",\"urlTemplate\":\"https:\\\/\\\/oerumdesign.com\\\/nl\\\/?s={search_term_string}\"},\"query-input\":{\"@type\":\"PropertyValueSpecification\",\"valueRequired\":true,\"valueName\":\"search_term_string\"}}],\"inLanguage\":\"nl-NL\"}]}<\/script>\n<!-- \/ Yoast SEO plugin. -->","yoast_head_json":{"title":"Large Leaf Ring | Statement Ring | OERUM Fine Jewellery | 18k Gold","description":"Wees \u00e9\u00e9n met de natuur met deze Large Leaf Ring. Een statement stuk ge\u00efnspireerd door een krullend blad. Leef in je element vandaag, morgen en daarna.","robots":{"index":"index","follow":"follow","max-snippet":"max-snippet:-1","max-image-preview":"max-image-preview:large","max-video-preview":"max-video-preview:-1"},"canonical":"https:\/\/oerumdesign.com\/nl\/shop\/large-leaf-ring\/","og_locale":"nl_NL","og_type":"article","og_title":"Large Leaf Ring | Statement Ring | OERUM Fine Jewellery | 18k Gold","og_description":"Wees \u00e9\u00e9n met de natuur met deze Large Leaf Ring. Een statement stuk ge\u00efnspireerd door een krullend blad. Leef in je element vandaag, morgen en daarna.","og_url":"https:\/\/oerumdesign.com\/nl\/shop\/large-leaf-ring\/","og_site_name":"Oerum","og_image":[{"width":1500,"height":1500,"url":"https:\/\/oerumdesign.com\/wp-content\/uploads\/2021\/08\/00013-LARGE-LEAF-RING-side2.jpg","type":"image\/jpeg"}],"twitter_card":"summary_large_image","schema":{"@context":"https:\/\/schema.org","@graph":[{"@type":"WebPage","@id":"https:\/\/oerumdesign.com\/nl\/shop\/large-leaf-ring\/","url":"https:\/\/oerumdesign.com\/nl\/shop\/large-leaf-ring\/","name":"Large Leaf Ring | Statement Ring | OERUM Fine Jewellery | 18k Gold","isPartOf":{"@id":"https:\/\/oerumdesign.com\/nl\/#website"},"primaryImageOfPage":{"@id":"https:\/\/oerumdesign.com\/nl\/shop\/large-leaf-ring\/#primaryimage"},"image":{"@id":"https:\/\/oerumdesign.com\/nl\/shop\/large-leaf-ring\/#primaryimage"},"thumbnailUrl":"https:\/\/oerumdesign.com\/wp-content\/uploads\/2021\/08\/00013-LARGE-LEAF-RING-side2.jpg","datePublished":"2021-10-02T11:54:18+00:00","description":"Wees \u00e9\u00e9n met de natuur met deze Large Leaf Ring. Een statement stuk ge\u00efnspireerd door een krullend blad. Leef in je element vandaag, morgen en daarna.","breadcrumb":{"@id":"https:\/\/oerumdesign.com\/nl\/shop\/large-leaf-ring\/#breadcrumb"},"inLanguage":"nl-NL","potentialAction":[{"@type":"ReadAction","target":["https:\/\/oerumdesign.com\/nl\/shop\/large-leaf-ring\/"]}]},{"@type":"ImageObject","inLanguage":"nl-NL","@id":"https:\/\/oerumdesign.com\/nl\/shop\/large-leaf-ring\/#primaryimage","url":"https:\/\/oerumdesign.com\/wp-content\/uploads\/2021\/08\/00013-LARGE-LEAF-RING-side2.jpg","contentUrl":"https:\/\/oerumdesign.com\/wp-content\/uploads\/2021\/08\/00013-LARGE-LEAF-RING-side2.jpg","width":1500,"height":1500},{"@type":"BreadcrumbList","@id":"https:\/\/oerumdesign.com\/nl\/shop\/large-leaf-ring\/#breadcrumb","itemListElement":[{"@type":"ListItem","position":1,"name":"Home","item":"https:\/\/oerumdesign.com\/nl\/"},{"@type":"ListItem","position":2,"name":"Shop","item":"https:\/\/oerumdesign.com\/nl\/shop\/"},{"@type":"ListItem","position":3,"name":"Large Leaf Ring"}]},{"@type":"WebSite","@id":"https:\/\/oerumdesign.com\/nl\/#website","url":"https:\/\/oerumdesign.com\/nl\/","name":"Oerum","description":"","potentialAction":[{"@type":"SearchAction","target":{"@type":"EntryPoint","urlTemplate":"https:\/\/oerumdesign.com\/nl\/?s={search_term_string}"},"query-input":{"@type":"PropertyValueSpecification","valueRequired":true,"valueName":"search_term_string"}}],"inLanguage":"nl-NL"}]}},"_links":{"self":[{"href":"https:\/\/oerumdesign.com\/nl\/wp-json\/wp\/v2\/product\/4955","targetHints":{"allow":["GET"]}}],"collection":[{"href":"https:\/\/oerumdesign.com\/nl\/wp-json\/wp\/v2\/product"}],"about":[{"href":"https:\/\/oerumdesign.com\/nl\/wp-json\/wp\/v2\/types\/product"}],"wp:featuredmedia":[{"embeddable":true,"href":"https:\/\/oerumdesign.com\/nl\/wp-json\/wp\/v2\/media\/4962"}],"wp:attachment":[{"href":"https:\/\/oerumdesign.com\/nl\/wp-json\/wp\/v2\/media?parent=4955"}],"wp:term":[{"taxonomy":"product_brand","embeddable":true,"href":"https:\/\/oerumdesign.com\/nl\/wp-json\/wp\/v2\/product_brand?post=4955"},{"taxonomy":"product_cat","embeddable":true,"href":"https:\/\/oerumdesign.com\/nl\/wp-json\/wp\/v2\/product_cat?post=4955"},{"taxonomy":"product_tag","embeddable":true,"href":"https:\/\/oerumdesign.com\/nl\/wp-json\/wp\/v2\/product_tag?post=4955"}],"curies":[{"name":"wp","href":"https:\/\/api.w.org\/{rel}","templated":true}]}}